{"id":3,"date":"2020-12-09T08:39:08","date_gmt":"2020-12-09T07:39:08","guid":{"rendered":"\/?page_id=3"},"modified":"2024-07-31T14:09:48","modified_gmt":"2024-07-31T12:09:48","slug":"datenschutzerklaerung","status":"publish","type":"page","link":"https:\/\/monabeer.de\/?page_id=3","title":{"rendered":"Datenschutzerkl\u00e4rung"},"content":{"rendered":"\n<p><strong>Verantwortlicher<\/strong><\/p>\n\n\n\n<p>Mona Beer<br>E-Mail: <a>mail@monabeer.de<\/a><\/p>\n\n\n\n<p><strong>Hosting<\/strong><\/p>\n\n\n\n<p>Unsere Webseite wird bei Goneo gehostet. Der Dienstleister betreibt die Server innerhalb der Europ\u00e4ischen Union und erf\u00fcllt die Anforderungen der DSGVO.<\/p>\n\n\n\n<p><strong>Erhebung und Speicherung personenbezogener Daten sowie Art und Zweck von deren Verwendung<\/strong><\/p>\n\n\n\n<p>Wir erheben und speichern keine personenbezogenen Daten \u00fcber unsere Webseite. Es werden keine Tracking-Tools oder \u00e4hnliches verwendet.<\/p>\n\n\n\n<p><strong>Cookies<\/strong><\/p>\n\n\n\n<p>Unsere Webseite verwendet ausschlie\u00dflich technisch notwendige Cookies, die f\u00fcr den Betrieb der Seite unerl\u00e4sslich sind. Diese Cookies speichern keine personenbezogenen Daten und werden nicht f\u00fcr Tracking-Zwecke genutzt.<\/p>\n\n\n\n<p><strong>Weitergabe von Daten<\/strong><\/p>\n\n\n\n<p>Eine Weitergabe von personenbezogenen Daten an Dritte findet nicht statt.<\/p>\n\n\n\n<p><strong>Speicherdauer<\/strong><\/p>\n\n\n\n<p>Da wir keine personenbezogenen Daten erheben, speichern wir auch keine Daten.<\/p>\n\n\n\n<p><strong>Rechte der betroffenen Personen<\/strong><\/p>\n\n\n\n<p>Da keine personenbezogenen Daten erhoben werden, sind auch keine Rechte in Bezug auf die Datenverarbeitung relevant.<\/p>\n\n\n\n<p><strong>\u00c4nderung der Datenschutzerkl\u00e4rung<\/strong><\/p>\n\n\n\n<p>\u00c4nderungen dieser Datenschutzerkl\u00e4rung werden ausschlie\u00dflich auf dieser Webseite ver\u00f6ffentlicht. Bitte informieren Sie sich regelm\u00e4\u00dfig \u00fcber den aktuellen Stand unserer Datenschutzerkl\u00e4rung.<\/p>\n\n\n\n<p><\/p>\n","protected":false},"excerpt":{"rendered":"<p>Verantwortlicher Mona BeerE-Mail: mail@monabeer.de Hosting Unsere Webseite wird bei Goneo gehostet. Der Dienstleister betreibt die Server innerhalb der Europ\u00e4ischen Union und erf\u00fcllt die Anforderungen der DSGVO. Erhebung und Speicherung personenbezogener Daten sowie Art und Zweck von deren Verwendung Wir erheben und speichern keine personenbezogenen Daten \u00fcber unsere Webseite. Es werden keine Tracking-Tools oder \u00e4hnliches verwendet. [&hellip;]<\/p>\n","protected":false},"author":1,"featured_media":0,"parent":0,"menu_order":0,"comment_status":"closed","ping_status":"open","template":"","meta":{"footnotes":""},"class_list":["post-3","page","type-page","status-publish","hentry","missing-thumbnail"],"_links":{"self":[{"href":"https:\/\/monabeer.de\/index.php?rest_route=\/wp\/v2\/pages\/3","targetHints":{"allow":["GET"]}}],"collection":[{"href":"https:\/\/monabeer.de\/index.php?rest_route=\/wp\/v2\/pages"}],"about":[{"href":"https:\/\/monabeer.de\/index.php?rest_route=\/wp\/v2\/types\/page"}],"author":[{"embeddable":true,"href":"https:\/\/monabeer.de\/index.php?rest_route=\/wp\/v2\/users\/1"}],"replies":[{"embeddable":true,"href":"https:\/\/monabeer.de\/index.php?rest_route=%2Fwp%2Fv2%2Fcomments&post=3"}],"version-history":[{"count":2,"href":"https:\/\/monabeer.de\/index.php?rest_route=\/wp\/v2\/pages\/3\/revisions"}],"predecessor-version":[{"id":39,"href":"https:\/\/monabeer.de\/index.php?rest_route=\/wp\/v2\/pages\/3\/revisions\/39"}],"wp:attachment":[{"href":"https:\/\/monabeer.de\/index.php?rest_route=%2Fwp%2Fv2%2Fmedia&parent=3"}],"curies":[{"name":"wp","href":"https:\/\/api.w.org\/{rel}","templated":true}]}}